{"id":169,"date":"2016-10-01T11:37:02","date_gmt":"2016-10-01T11:37:02","guid":{"rendered":"http:\/\/localhost\/transpo\/?page_id=169"},"modified":"2019-04-25T13:03:16","modified_gmt":"2019-04-25T13:03:16","slug":"request-quote","status":"publish","type":"page","link":"http:\/\/www.mrdoprava.sk\/?page_id=169","title":{"rendered":"Objedn\u00e1vka"},"content":{"rendered":"<p>[vc_row container=&#8220;1&#8243;][vc_column] \r\n\t<section class=\"faq-section\">\r\n    \t<div class=\"auto-container\">\r\n        \t<div class=\"sec-title text-center\">\r\n            \t<h2>Porad\u00edme a pom\u00f4\u017eeme<\/h2>\r\n                <div class=\"text\">Zadajte pros\u00edm jednotliv\u00e9 \u00fadaje do ni\u017e\u0161ie uveden\u00e9ho formul\u00e1ra. V najkrat\u0161om mo\u017enom term\u00edne V\u00e1s budeme kontaktova\u0165. \u010eakujeme, \u017ee vyu\u017e\u00edvate na\u0161e slu\u017eby.<\/div>\r\n            <\/div><\/div><\/section>\r\n [\/vc_column][\/vc_row][vc_row container=&#8220;1&#8243;][vc_column width=&#8220;5\/12&#8243; css=&#8220;.vc_custom_1475398642119{margin-top: 80px !important;}&#8220;][vc_single_image image=&#8220;245&#8243; img_size=&#8220;full&#8220;][\/vc_column][vc_column width=&#8220;7\/12&#8243;]<!--Appointment Form-->\r\n  <!--Request Quote Section-->\r\n    <section class=\"request-quote\">\r\n    \t<div class=\"auto-container\">\r\n            <div class=\"row clearfix\">\r\n                <!--Form Column-->\r\n                <div class=\"form-column col-md-12 col-sm-12 col-xs-12 pull-right\">\r\n                    <div class=\"inner-box wow fadeInRight\" data-wow-delay=\"0ms\" data-wow-duration=\"1500ms\">\r\n                        <div class=\"get-quote default-form style-two\">\r\n                            <div role=\"form\" class=\"wpcf7\" id=\"wpcf7-f241-o1\" lang=\"en-US\" dir=\"ltr\">\n<div class=\"screen-reader-response\"><\/div>\n<form action=\"\/index.php?rest_route=%2Fwp%2Fv2%2Fpages%2F169#wpcf7-f241-o1\" method=\"post\" class=\"wpcf7-form\" novalidate=\"novalidate\">\n<div style=\"display: none;\">\n<input type=\"hidden\" name=\"_wpcf7\" value=\"241\" \/>\n<input type=\"hidden\" name=\"_wpcf7_version\" value=\"5.1.1\" \/>\n<input type=\"hidden\" name=\"_wpcf7_locale\" value=\"en_US\" \/>\n<input type=\"hidden\" name=\"_wpcf7_unit_tag\" value=\"wpcf7-f241-o1\" \/>\n<input type=\"hidden\" name=\"_wpcf7_container_post\" value=\"0\" \/>\n<input type=\"hidden\" name=\"g-recaptcha-response\" value=\"\" \/>\n<\/div>\n<p>Va\u0161e Meno (povinn\u00e9)<br \/>\n    <span class=\"wpcf7-form-control-wrap your-name\"><input type=\"text\" name=\"your-name\" value=\"\" size=\"40\" class=\"wpcf7-form-control wpcf7-text wpcf7-validates-as-required\" aria-required=\"true\" aria-invalid=\"false\" \/><\/span> <\/p>\n<p>V\u00e1\u0161  Email (povinn\u00e9)<br \/>\n    <span class=\"wpcf7-form-control-wrap your-email\"><input type=\"email\" name=\"your-email\" value=\"\" size=\"40\" class=\"wpcf7-form-control wpcf7-text wpcf7-email wpcf7-validates-as-required wpcf7-validates-as-email\" aria-required=\"true\" aria-invalid=\"false\" \/><\/span> <\/p>\n<p>Predmet<br \/>\n    <span class=\"wpcf7-form-control-wrap your-subject\"><input type=\"text\" name=\"your-subject\" value=\"\" size=\"40\" class=\"wpcf7-form-control wpcf7-text\" aria-invalid=\"false\" \/><\/span> <\/p>\n<p>Va\u0161a spr\u00e1va<br \/>\n    <span class=\"wpcf7-form-control-wrap your-message\"><textarea name=\"your-message\" cols=\"40\" rows=\"10\" class=\"wpcf7-form-control wpcf7-textarea\" aria-invalid=\"false\"><\/textarea><\/span> <\/p>\n<p><input type=\"submit\" value=\"Odosla\u0165\" class=\"wpcf7-form-control wpcf7-submit theme-btn btn-style-two\" \/><\/p>\n<div class=\"wpcf7-response-output wpcf7-display-none\"><\/div><\/form><\/div>                        <\/div>\r\n                    <\/div>\r\n                <\/div>\r\n            <\/div>\r\n        <\/div>\r\n    <\/section>\r\n    \r\n[\/vc_column][\/vc_row]<\/p>\n","protected":false},"excerpt":{"rendered":"<p>[vc_row container=&#8220;1&#8243;][vc_column][\/vc_column][\/vc_row][vc_row container=&#8220;1&#8243;][vc_column width=&#8220;5\/12&#8243; css=&#8220;.vc_custom_1475398642119{margin-top: 80px !important;}&#8220;][vc_single_image image=&#8220;245&#8243; img_size=&#8220;full&#8220;][\/vc_column][vc_column width=&#8220;7\/12&#8243;][\/vc_column][\/vc_row]<\/p>\n","protected":false},"author":1,"featured_media":0,"parent":0,"menu_order":0,"comment_status":"closed","ping_status":"closed","template":"tpl-visual_composer.php","meta":[],"_links":{"self":[{"href":"http:\/\/www.mrdoprava.sk\/index.php?rest_route=\/wp\/v2\/pages\/169"}],"collection":[{"href":"http:\/\/www.mrdoprava.sk\/index.php?rest_route=\/wp\/v2\/pages"}],"about":[{"href":"http:\/\/www.mrdoprava.sk\/index.php?rest_route=\/wp\/v2\/types\/page"}],"author":[{"embeddable":true,"href":"http:\/\/www.mrdoprava.sk\/index.php?rest_route=\/wp\/v2\/users\/1"}],"replies":[{"embeddable":true,"href":"http:\/\/www.mrdoprava.sk\/index.php?rest_route=%2Fwp%2Fv2%2Fcomments&post=169"}],"version-history":[{"count":5,"href":"http:\/\/www.mrdoprava.sk\/index.php?rest_route=\/wp\/v2\/pages\/169\/revisions"}],"predecessor-version":[{"id":563,"href":"http:\/\/www.mrdoprava.sk\/index.php?rest_route=\/wp\/v2\/pages\/169\/revisions\/563"}],"wp:attachment":[{"href":"http:\/\/www.mrdoprava.sk\/index.php?rest_route=%2Fwp%2Fv2%2Fmedia&parent=169"}],"curies":[{"name":"wp","href":"https:\/\/api.w.org\/{rel}","templated":true}]}}