{"id":173,"date":"2016-10-01T11:37:44","date_gmt":"2016-10-01T11:37:44","guid":{"rendered":"http:\/\/localhost\/transpo\/?page_id=173"},"modified":"2019-04-25T12:59:31","modified_gmt":"2019-04-25T12:59:31","slug":"contact-us","status":"publish","type":"page","link":"http:\/\/www.mrdoprava.sk\/?page_id=173","title":{"rendered":"Kontaktujte n\u00e1s"},"content":{"rendered":"<p>[vc_row container=&#8220;1&#8243; css=&#8220;.vc_custom_1475732820761{margin-top: 50px !important;}&#8220;][vc_column width=&#8220;7\/12&#8243;]     <section class=\"contact-section no-padd-top\">\r\n    \t<div class=\"auto-container\">\r\n        \t<div class=\"row clearfix\">\r\n                <div class=\"column form-column col-md-12 col-xs-12\">\r\n                \t<h2>Nap\u00ed\u0161te n\u00e1m<\/h2>\r\n                    <!--Default Form-->\r\n                    <div class=\"default-form style-two\">\r\n                    \t<form id=\"contact-form\" method=\"post\" action=\"http:\/\/www.mrdoprava.sk\/wp-admin\/admin-ajax.php?action=_bunch_ajax_callback&amp;subaction=contact_form_submit\">\r\n                            <div class=\"row clearfix\">\r\n                                <div class=\"col-md-12 col-sm-12 co-xs-12 form-group\">\r\n                                    <input type=\"text\" name=\"contact_name\" id=\"contact_name\" value=\"\" placeholder=\"Your Name\">\t\r\n                                <\/div>\r\n                                <div class=\"col-md-12 col-sm-12 co-xs-12 form-group\">\r\n                                    <input type=\"email\" name=\"contact_email\" id=\"contact_email\" value=\"\" placeholder=\"Your Email Address\">\r\n                                <\/div>\r\n                                 <div class=\"col-md-12 col-sm-12 co-xs-12 form-group\">\r\n                                    <input type=\"text\" name=\"contact_subject\" id=\"contact_subject\" value=\"\" placeholder=\"Subject\">\r\n                                <\/div>\r\n                                <div class=\"col-md-12 col-sm-12 co-xs-12 form-group\">\r\n                                    <textarea name=\"contact_message\" id=\"contact_message\" placeholder=\"Your Message Here\"><\/textarea>\r\n                                <\/div>\r\n                            <\/div>\r\n                            \r\n                            <div class=\"text-left\"><button type=\"submit\" class=\"theme-btn btn-style-one\">Odosla\u0165<\/button><\/div>\r\n                            \r\n                        <\/form>\r\n                    <\/div>\r\n                <\/div>\r\n           <\/div>\r\n        <\/div>\r\n    <\/section>      \r\n\r\n[\/vc_column][vc_column width=&#8220;5\/12&#8243; el_class=&#8220;Adresa&#8220;] <!--Contact Section-->\r\n    <section class=\"contact-section no-padd-top\">\r\n    \t<div class=\"auto-container\">\r\n        \t<div class=\"row clearfix\">\r\n                <!--Info Column-->\r\n                <div class=\"column info-column col-md-12 col-sm-12 col-xs-12\">\r\n                \t<h2>MR Doprava s.r.o.<\/h2>\r\n                    <div class=\"info-box\">\r\n                    \t<div class=\"desc-text\">I\u010cO: 50968106   I\u010c DPH: SK2120564875, Zap\u00edsan\u00fd v OR Nitra odd. Sro, vl. 43757\/N<\/div>\r\n                        <ul class=\"contact-info\">\r\n                            <li><div class=\"icon\"><span class=\"flaticon-location\"><\/span><\/div><strong>Adresa<\/strong> Na H\u00f4rke 41\/3 , 949 11, Nitra, Slovensk\u00e1 republika<\/li>\r\n                            <li><div class=\"icon\"><span class=\"flaticon-envelope-1\"><\/span><\/div><strong>marorieciciar@gmail.com<\/strong><\/li>\r\n                            <li><div class=\"icon\"><span class=\"flaticon-technology-2\"><\/span><\/div><strong>Telef\u00f3n<\/strong>+421 905 670 597<\/li>\r\n                        <\/ul>\r\n                    <\/div>\r\n                <\/div>\r\n            <\/div>\r\n        <\/div>\r\n    <\/section>\r\n\r\n[\/vc_column][\/vc_row]<\/p>\n","protected":false},"excerpt":{"rendered":"<p>[vc_row container=&#8220;1&#8243; css=&#8220;.vc_custom_1475732820761{margin-top: 50px !important;}&#8220;][vc_column width=&#8220;7\/12&#8243;][\/vc_column][vc_column width=&#8220;5\/12&#8243; el_class=&#8220;Adresa&#8220;][\/vc_column][\/vc_row]<\/p>\n","protected":false},"author":1,"featured_media":0,"parent":0,"menu_order":0,"comment_status":"closed","ping_status":"closed","template":"tpl-visual_composer.php","meta":[],"_links":{"self":[{"href":"http:\/\/www.mrdoprava.sk\/index.php?rest_route=\/wp\/v2\/pages\/173"}],"collection":[{"href":"http:\/\/www.mrdoprava.sk\/index.php?rest_route=\/wp\/v2\/pages"}],"about":[{"href":"http:\/\/www.mrdoprava.sk\/index.php?rest_route=\/wp\/v2\/types\/page"}],"author":[{"embeddable":true,"href":"http:\/\/www.mrdoprava.sk\/index.php?rest_route=\/wp\/v2\/users\/1"}],"replies":[{"embeddable":true,"href":"http:\/\/www.mrdoprava.sk\/index.php?rest_route=%2Fwp%2Fv2%2Fcomments&post=173"}],"version-history":[{"count":7,"href":"http:\/\/www.mrdoprava.sk\/index.php?rest_route=\/wp\/v2\/pages\/173\/revisions"}],"predecessor-version":[{"id":562,"href":"http:\/\/www.mrdoprava.sk\/index.php?rest_route=\/wp\/v2\/pages\/173\/revisions\/562"}],"wp:attachment":[{"href":"http:\/\/www.mrdoprava.sk\/index.php?rest_route=%2Fwp%2Fv2%2Fmedia&parent=173"}],"curies":[{"name":"wp","href":"https:\/\/api.w.org\/{rel}","templated":true}]}}