{"id":30,"date":"2016-10-01T04:56:49","date_gmt":"2016-10-01T04:56:49","guid":{"rendered":"http:\/\/localhost\/transpo\/?page_id=30"},"modified":"2021-12-09T13:54:19","modified_gmt":"2021-12-09T13:54:19","slug":"home-one","status":"publish","type":"page","link":"http:\/\/www.mrdoprava.sk\/","title":{"rendered":"\u00davod"},"content":{"rendered":"<p>[vc_row][vc_column][rev_slider_vc alias=&#8220;home&#8220;][\/vc_column][\/vc_row][vc_row][vc_column]<!--Featured Three Column-->\r\n      <!--Featured Services-->\r\n    <section class=\"featured-services\">\r\n    \t<div class=\"auto-container\">\r\n\t\t\t\t\t\t<div class=\"sec-title text-center\">\r\n            \t<h2>V\u00e1\u0161  logistick\u00fd partner do cel\u00e9ho sveta<\/h2>\r\n                <div class=\"text\">N\u00e1kladn\u00e1 cestn\u00e1 doprava vykon\u00e1van\u00e1 vozidlami s celkovou hmotnos\u0165ou do 3,5 t vr\u00e1tane pr\u00edpojn\u00e9ho vozidla<\/div>\r\n            <\/div>\r\n\t\t\t\t\r\n        \t<div class=\"row clearfix\">\r\n\t\t\t\t\t\t\t\t<!--Featured Service Column-->\r\n                <div class=\"featured-service-column col-md-4 col-sm-6 col-xs-12\">\r\n                \t<div class=\"inner-box wow fadeIn\" data-wow-delay=\"0ms\" data-wow-duration=\"1500ms\">\r\n                    \t<figure class=\"image-box\"><img src=\"http:\/\/www.mrdoprava.sk\/wp-content\/uploads\/2016\/10\/9.jpg\" alt=\"\"><a class=\"overlay\" href=\"\"><\/a><\/figure>\r\n                        <div class=\"lower-content\">\r\n                        \t<h3><a href=\"\">N\u00e1kladn\u00e1 cestn\u00e1 doprava  do 3,5 t vr\u00e1tane pr\u00edpojn\u00e9ho vozidla<\/a><\/h3>\r\n                            <div class=\"text\">Zabezpe\u010d\u00edme pre V\u00e1s prepravu tovaru do 3,5 t v r\u00e1mci Slovenskej republiky<\/div>\r\n                        <\/div>\r\n                    <\/div>\r\n                <\/div>\r\n             \t\t\t\t<!--Featured Service Column-->\r\n                <div class=\"featured-service-column col-md-4 col-sm-6 col-xs-12\">\r\n                \t<div class=\"inner-box wow fadeIn\" data-wow-delay=\"0ms\" data-wow-duration=\"1500ms\">\r\n                    \t<figure class=\"image-box\"><img src=\"http:\/\/www.mrdoprava.sk\/wp-content\/uploads\/2019\/04\/MD.jpg\" alt=\"\"><a class=\"overlay\" href=\"\"><\/a><\/figure>\r\n                        <div class=\"lower-content\">\r\n                        \t<h3><a href=\"\">Medzin\u00e1rodn\u00e1 preprava tovaru po ceste v pren\u00e1jme alebo za \u00fahradu <\/a><\/h3>\r\n                            <div class=\"text\">V pr\u00edpade po\u017eiadavky vykon\u00e1me prepravu aj mimo \u00fazemia Slovenskej republiky, v r\u00e1mci E\u00da resp. do tret\u00edch kraj\u00edn.<\/div>\r\n                        <\/div>\r\n                    <\/div>\r\n                <\/div>\r\n             \t\t\t\t<!--Featured Service Column-->\r\n                <div class=\"featured-service-column col-md-4 col-sm-6 col-xs-12\">\r\n                \t<div class=\"inner-box wow fadeIn\" data-wow-delay=\"0ms\" data-wow-duration=\"1500ms\">\r\n                    \t<figure class=\"image-box\"><img src=\"http:\/\/www.mrdoprava.sk\/wp-content\/uploads\/2016\/10\/11.jpg\" alt=\"\"><a class=\"overlay\" href=\"\"><\/a><\/figure>\r\n                        <div class=\"lower-content\">\r\n                        \t<h3><a href=\"\">Sprostredkovate\u013esk\u00e1 \u010dinnosti v oblasti obchodu a slu\u017eieb <\/a><\/h3>\r\n                            <div class=\"text\">Pon\u00fakame V\u00e1m sprostredkovanie prepravy , logistick\u00fdch a \u0161pedi\u010dn\u00fdch slu\u017eieb.<\/div>\r\n                        <\/div>\r\n                    <\/div>\r\n                <\/div>\r\n                   \r\n                \r\n            <\/div>\r\n\t\t\t\r\n                        <div class=\"text-center\"><a href=\"#\" class=\"theme-btn btn-style-one\">Viac info<span class=\"fa fa-caret-right\"><\/span><\/a><\/div>\r\n                    <\/div>\r\n    <\/section>\r\n[\/vc_column][\/vc_row][vc_row][vc_column]<!--Services Section-->\r\n    <section class=\"services-section\">\r\n    \t<div class=\"auto-container\">\r\n        \t<div class=\"sec-title light text-center\">\r\n            \t<h1>Na\u0161e slu\u017eby<\/h1>\r\n                <div class=\"text\">Nev\u00e1hajte n\u00e1s kontaktova\u0165. Poskytneme V\u00e1m kvalifikovan\u00e9 a zaru\u010den\u00e9 slu\u017eby v oblasti vn\u00fatro\u0161t\u00e1tnej a medzin\u00e1rodnej prepravy tovaru.<\/div>\r\n            <\/div>\r\n            <div class=\"row clearfix\">\r\n                \t\t\t\t<!--Default Service Block-->\r\n                <div class=\"default-service-block col-md-4 col-sm-6 col-xs-12\">\r\n                \t<div class=\"inner-box wow fadeInLeft\" data-wow-delay=\"0ms\" data-wow-duration=\"1500ms\">\r\n                    \t<div class=\"icon-box\"><span class=\"icon flaticon-smartphone-1\"><\/span><\/div>\r\n                        <h3><a href=\"\">Zavojate n\u00e1m<\/a><\/h3>\r\n                        <div class=\"text\">Dohodnite si term\u00edn, pr\u00edpadne objednajte prepravu jednoducho telefonicky.<\/div>\r\n                    <\/div>\r\n                <\/div>\r\n                \t\t\t\t<!--Default Service Block-->\r\n                <div class=\"default-service-block col-md-4 col-sm-6 col-xs-12\">\r\n                \t<div class=\"inner-box wow fadeInLeft\" data-wow-delay=\"0ms\" data-wow-duration=\"1500ms\">\r\n                    \t<div class=\"icon-box\"><span class=\"icon flaticon-package\"><\/span><\/div>\r\n                        <h3><a href=\"\">Doru\u010dovanie<\/a><\/h3>\r\n                        <div class=\"text\">Na z\u00e1klade Va\u0161ej objedn\u00e1vky, zabezpe\u010d\u00edme vyzdvihnutie a doru\u010denie z\u00e1sielky.<\/div>\r\n                    <\/div>\r\n                <\/div>\r\n                \t\t\t\t<!--Default Service Block-->\r\n                <div class=\"default-service-block col-md-4 col-sm-6 col-xs-12\">\r\n                \t<div class=\"inner-box wow fadeInLeft\" data-wow-delay=\"0ms\" data-wow-duration=\"1500ms\">\r\n                    \t<div class=\"icon-box\"><span class=\"icon flaticon-success\"><\/span><\/div>\r\n                        <h3><a href=\"\">Poistenie<\/a><\/h3>\r\n                        <div class=\"text\">Poistenie tovaru proti kr\u00e1de\u017ei \u010di po\u0161kodeniu. Pracujeme na z\u00e1klade Dohovoru CMR. <\/div>\r\n                    <\/div>\r\n                <\/div>\r\n                \t\t\t\t<!--Default Service Block-->\r\n                <div class=\"default-service-block col-md-4 col-sm-6 col-xs-12\">\r\n                \t<div class=\"inner-box wow fadeInLeft\" data-wow-delay=\"0ms\" data-wow-duration=\"1500ms\">\r\n                    \t<div class=\"icon-box\"><span class=\"icon flaticon-storage\"><\/span><\/div>\r\n                        <h3><a href=\"\">Z\u00e1kazn\u00edk<\/a><\/h3>\r\n                        <div class=\"text\">Z\u00e1sielku prevezme priamo u V\u00e1s a doru\u010d\u00edme adres\u00e1tovi v \u010do najkrat\u0161om dohodnutom term\u00edne.<\/div>\r\n                    <\/div>\r\n                <\/div>\r\n                \t\t\t\t<!--Default Service Block-->\r\n                <div class=\"default-service-block col-md-4 col-sm-6 col-xs-12\">\r\n                \t<div class=\"inner-box wow fadeInLeft\" data-wow-delay=\"0ms\" data-wow-duration=\"1500ms\">\r\n                    \t<div class=\"icon-box\"><span class=\"icon flaticon-transport-1\"><\/span><\/div>\r\n                        <h3><a href=\"\">Preprava<\/a><\/h3>\r\n                        <div class=\"text\">Cestn\u00e1 doprava vykon\u00e1van\u00e1 vozidlami s celkovou hmotnos\u0165ou do 3,5 t<\/div>\r\n                    <\/div>\r\n                <\/div>\r\n                \t\t\t\t<!--Default Service Block-->\r\n                <div class=\"default-service-block col-md-4 col-sm-6 col-xs-12\">\r\n                \t<div class=\"inner-box wow fadeInLeft\" data-wow-delay=\"0ms\" data-wow-duration=\"1500ms\">\r\n                    \t<div class=\"icon-box\"><span class=\"icon flaticon-mail-1\"><\/span><\/div>\r\n                        <h3><a href=\"\">Spolupr\u00e1ca<\/a><\/h3>\r\n                        <div class=\"text\">Ak m\u00e1te z\u00e1ujem o spolupr\u00e1cu po\u0161lite n\u00e1m e-mail na marorieciciar@gmail.com<\/div>\r\n                    <\/div>\r\n                <\/div>\r\n                 \r\n            <\/div>\r\n        <\/div>\r\n    <\/section>\r\n[\/vc_column][\/vc_row][vc_row][vc_column][vc_column_text]<\/p>\n<p>I am text block. Click edit button to change this text. Lorem ipsum dolor sit amet, consectetur adipiscing elit. Ut elit tellus, luctus nec ullamcorper mattis, pulvinar dapibus leo.<\/p>\n<p>[\/vc_column_text][\/vc_column][\/vc_row][vc_row container=&#8220;1&#8243; css=&#8220;.vc_custom_1556191605089{background-position: center !important;background-repeat: no-repeat !important;background-size: cover !important;}&#8220;][vc_column width=&#8220;1\/2&#8243;]<!--Featured Three Column-->\r\n    \r\n    <!--Default Section-->\r\n    <section class=\"default-section\">\r\n    \t<div class=\"auto-container\">\r\n            <div class=\"row clearfix\">\r\n                <!--Text Column-->\r\n                <div class=\"column text-column col-md-12 col-sm-12 col-xs-12\">\r\n                \t<div class=\"inner-box\">\r\n                    \t<div class=\"title-box\">\r\n                        \t<h4>O spolo\u010dnosti<\/h4>\r\n                            <h2>Hist\u00f3ria<\/h2>\r\n                        <\/div>\r\n                        <div class=\"text\">\r\n                        \t<p>Na\u0161a prepravn\u00e1 spolo\u010dnos\u0165 bola zalo\u017een\u00e1 v roku 2017. Po kr\u00e1tkom \u010dase sme sa etablovali na slovenskom trhu a v s\u00fa\u010dasnej dobe zabezpe\u010dujeme medzin\u00e1rodn\u00fa a vn\u00fatro\u0161t\u00e1tnu prepravu pre viacer\u00e9 spolo\u010dnosti a fyzick\u00e9 osoby. Neust\u00e1le sa sna\u017e\u00edme zlep\u0161ova\u0165 na\u0161e slu\u017eby, aby sme zabezpe\u010dili \u010do najv\u00e4\u010d\u0161iu spokojnos\u0165 pre na\u0161ich klientov. Te\u0161\u00edme sa na spolupr\u00e1cu.<\/p>\r\n                        <\/div>\r\n                        <div class=\"link-box\"><a href=\"http:\/\/www.mrdoprava.sk\/?page_id=173\" class=\"theme-btn btn-style-one\">Kontakt<\/a><\/div>\r\n                    <\/div>\r\n                <\/div>\r\n            <\/div>\r\n        <\/div>\r\n    <\/section>\r\n    \r\n[\/vc_column][vc_column width=&#8220;1\/2&#8243;]     <!--Two Column Fluid Section-->\r\n    <section class=\"two-col-fluid\">\r\n    \t<div class=\"outer-box clearfix\">\r\n            <!--Form Column-->\r\n            <div class=\"form-column\">\r\n            \t<div class=\"inner-box wow fadeInRight\" data-wow-delay=\"0ms\" data-wow-duration=\"1500ms\">\r\n                \t<div class=\"title\"><h2>Nap\u00ed\u0161te n\u00e1m<\/h2><\/div>\r\n                    <div class=\"get-quote default-form\">\r\n                        <form id=\"contact-form\" method=\"post\" action=\"http:\/\/www.mrdoprava.sk\/wp-admin\/admin-ajax.php?action=_bunch_ajax_callback&amp;subaction=contact_form_submit\">\r\n                            <div class=\"row clearfix\">\r\n                                <div class=\"form-group col-md-12 col-sm-12 col-xs-12\">\r\n                                    <input type=\"text\" name=\"contact_name\" id=\"contact_name\" value=\"\" placeholder=\"Your Name\">\t\r\n                                <\/div>\r\n                                \r\n                                <div class=\"form-group col-md-12 col-sm-12 col-xs-12\">\r\n                                    <input type=\"email\" name=\"contact_email\" id=\"contact_email\" value=\"\" placeholder=\"Your Email Address\">\r\n                                <\/div>\r\n                                \r\n                                <div class=\"form-group col-md-12 col-sm-12 col-xs-12\">\r\n                                    <input type=\"text\" name=\"contact_subject\" id=\"contact_subject\" value=\"\" placeholder=\"Subject\">\r\n                                <\/div>\r\n                                \r\n                                \r\n                                <div class=\"form-group col-md-12 col-sm-12 col-xs-12\">\r\n                                    <textarea name=\"contact_message\" id=\"contact_message\" placeholder=\"Your Message Here\"><\/textarea>\r\n                                <\/div>\r\n                            <\/div>\r\n                            \r\n\t\t\t\t\t\t\t<button class=\"theme-btn btn-style-one\" type=\"submit\" name=\"submit-form\">Odosla\u0165<\/button>\r\n                            \r\n                        <\/form>\r\n                        \r\n                    <\/div>\r\n            \t<\/div>\r\n            <\/div>\r\n            \r\n        <\/div>\r\n    <\/section>\r\n\r\n[\/vc_column][\/vc_row]<\/p>\n","protected":false},"excerpt":{"rendered":"<p>[vc_row][vc_column][rev_slider_vc alias=&#8220;home&#8220;][\/vc_column][\/vc_row][vc_row][vc_column][\/vc_column][\/vc_row][vc_row][vc_column][\/vc_column][\/vc_row][vc_row][vc_column][vc_column_text] I am text block. Click edit button to change this text. Lorem ipsum dolor sit amet, consectetur adipiscing elit. Ut elit tellus, luctus nec ullamcorper mattis, pulvinar dapibus leo. [\/vc_column_text][\/vc_column][\/vc_row][vc_row container=&#8220;1&#8243; css=&#8220;.vc_custom_1556191605089{background-position: center !important;background-repeat: no-repeat !important;background-size: cover !important;}&#8220;][vc_column width=&#8220;1\/2&#8243;][\/vc_column][vc_column width=&#8220;1\/2&#8243;][\/vc_column][\/vc_row]<\/p>\n","protected":false},"author":1,"featured_media":0,"parent":0,"menu_order":0,"comment_status":"closed","ping_status":"closed","template":"tpl-visual_composer.php","meta":[],"_links":{"self":[{"href":"http:\/\/www.mrdoprava.sk\/index.php?rest_route=\/wp\/v2\/pages\/30"}],"collection":[{"href":"http:\/\/www.mrdoprava.sk\/index.php?rest_route=\/wp\/v2\/pages"}],"about":[{"href":"http:\/\/www.mrdoprava.sk\/index.php?rest_route=\/wp\/v2\/types\/page"}],"author":[{"embeddable":true,"href":"http:\/\/www.mrdoprava.sk\/index.php?rest_route=\/wp\/v2\/users\/1"}],"replies":[{"embeddable":true,"href":"http:\/\/www.mrdoprava.sk\/index.php?rest_route=%2Fwp%2Fv2%2Fcomments&post=30"}],"version-history":[{"count":12,"href":"http:\/\/www.mrdoprava.sk\/index.php?rest_route=\/wp\/v2\/pages\/30\/revisions"}],"predecessor-version":[{"id":576,"href":"http:\/\/www.mrdoprava.sk\/index.php?rest_route=\/wp\/v2\/pages\/30\/revisions\/576"}],"wp:attachment":[{"href":"http:\/\/www.mrdoprava.sk\/index.php?rest_route=%2Fwp%2Fv2%2Fmedia&parent=30"}],"curies":[{"name":"wp","href":"https:\/\/api.w.org\/{rel}","templated":true}]}}